{"id":912,"date":"2024-12-16T20:54:59","date_gmt":"2024-12-16T20:54:59","guid":{"rendered":"https:\/\/sicitry.com\/?post_type=product&#038;p=912"},"modified":"2026-05-08T06:48:24","modified_gmt":"2026-05-08T06:48:24","slug":"orange-tarocco-10-kg-kiste","status":"publish","type":"product","link":"https:\/\/sicitry.com\/en\/product\/orange-tarocco-10-kg-kiste\/","title":{"rendered":"Orange Tarocco 10 kg Kiste"},"content":{"rendered":"<p>Aufgrund ihrer Farbe, ihres geringen S\u00e4uregehalts und ihrer Eigenschaften ist sie in Italien und im Ausland die am meisten gesch\u00e4tzte sizilianische Orange.<\/p>\n<p>Die Beschaffenheit des Landes, das Klima, die starken Temperaturschwankungen und die Sonne machen dieses Produkt, das im \u00f6stlichen Teil der Insel (zwischen den Provinzen Catania, Enna und Syrakus und in den Gebieten rund um den Vulkan \u00c4tna) angebaut wird, einzigartig Beispiel f\u00fcr hohe Qualit\u00e4t und Typizit\u00e4t.<\/p>\n","protected":false},"excerpt":{"rendered":"<p><strong><span class=\"\">Reifezeit:<\/span><\/strong><br \/>\n<span class=\"\">Dezember \u2013 Juni<\/span><\/p>\n<p><strong>Eigenschaften der Frucht:<\/strong><br \/>\nGewicht: 210 g.<br \/>\nSchalendicke: mittel<br \/>\nSch\u00e4lbarkeit: mittel<br \/>\nFruchtfleischfarbe: orange\/rot<br \/>\nSaftausbeute: hoch<br \/>\nSamen: nicht vorhanden<\/p>\n","protected":false},"featured_media":1512,"comment_status":"open","ping_status":"closed","template":"","meta":{"_et_pb_use_builder":"","_et_pb_old_content":"","_et_gb_content_width":""},"product_brand":[],"product_cat":[30],"product_tag":[],"class_list":{"0":"post-912","1":"product","2":"type-product","3":"status-publish","4":"has-post-thumbnail","6":"product_cat-frische-zitrusfruechte","7":"product_shipping_class-versand-10e","9":"first","10":"outofstock","11":"taxable","12":"shipping-taxable","13":"purchasable","14":"product-type-simple"},"jetpack_sharing_enabled":true,"_links":{"self":[{"href":"https:\/\/sicitry.com\/en\/wp-json\/wp\/v2\/product\/912","targetHints":{"allow":["GET"]}}],"collection":[{"href":"https:\/\/sicitry.com\/en\/wp-json\/wp\/v2\/product"}],"about":[{"href":"https:\/\/sicitry.com\/en\/wp-json\/wp\/v2\/types\/product"}],"replies":[{"embeddable":true,"href":"https:\/\/sicitry.com\/en\/wp-json\/wp\/v2\/comments?post=912"}],"wp:featuredmedia":[{"embeddable":true,"href":"https:\/\/sicitry.com\/en\/wp-json\/wp\/v2\/media\/1512"}],"wp:attachment":[{"href":"https:\/\/sicitry.com\/en\/wp-json\/wp\/v2\/media?parent=912"}],"wp:term":[{"taxonomy":"product_brand","embeddable":true,"href":"https:\/\/sicitry.com\/en\/wp-json\/wp\/v2\/product_brand?post=912"},{"taxonomy":"product_cat","embeddable":true,"href":"https:\/\/sicitry.com\/en\/wp-json\/wp\/v2\/product_cat?post=912"},{"taxonomy":"product_tag","embeddable":true,"href":"https:\/\/sicitry.com\/en\/wp-json\/wp\/v2\/product_tag?post=912"}],"curies":[{"name":"wp","href":"https:\/\/api.w.org\/{rel}","templated":true}]}}